{"id":50604,"date":"2025-08-20T11:12:35","date_gmt":"2025-08-20T08:12:35","guid":{"rendered":"https:\/\/ancabanita.com\/?post_type=product&#038;p=50604"},"modified":"2026-05-05T08:09:42","modified_gmt":"2026-05-05T05:09:42","slug":"mental-fitness-pachet-vip","status":"publish","type":"product","link":"https:\/\/ancabanita.com\/en\/product\/mental-fitness-pachet-vip\/","title":{"rendered":"Mental Fitness Lab &#8211; Pachet VIP"},"content":{"rendered":"<p>Pachetul VIP contine:<\/p>\n<p>&nbsp;<\/p>\n<ul>\n<li>Acces pe via\u021b\u0103 la \u00eenregistrarea celor 10 zile <strong>Mental Fitness Lab<\/strong><\/li>\n<\/ul>\n<p>&nbsp;<\/p>\n<ul>\n<li><strong>BONUS 1 &#8211; Workshop LIVE: Brain &amp; Heart Coherence &#8211; Sincronizarea inim\u0103-creier (Zoom + \u00eenregistrare inclus\u0103) (valoare 299 RON) &#8211; 9 mai, ora 10:00<\/strong>\n<ul>\n<li>\n<p data-start=\"144\" data-end=\"308\">Descoperi cum s\u0103 \u00ee\u021bi sincronizezi inima \u0219i creierul pentru a trece rapid din stres, agita\u021bie \u0219i overthinking \u00eentr-o stare de calm, claritate \u0219i prezen\u021b\u0103 interioar\u0103.<\/p>\n<\/li>\n<li>\n<p data-start=\"144\" data-end=\"308\">Experimentezi o practic\u0103 inspirat\u0103 din metoda HeartMath, institutul care studiaz\u0103 inima de peste 30 ani, folosit\u0103 de lideri, sportivi de top \u0219i profesioni\u0219ti care au nevoie s\u0103 r\u0103m\u00e2n\u0103 centra\u021bi \u0219i s\u0103 ia decizii bune chiar \u0219i sub presiune.<\/p>\n<\/li>\n<li>\n<p data-start=\"144\" data-end=\"308\">Pleci cu un ritual zilnic de c\u00e2teva minute, prin care \u00ee\u021bi po\u021bi regla emo\u021biile, \u00ee\u021bi po\u021bi stabiliza energia \u0219i \u00ee\u021bi po\u021bi accesa mai u\u0219or intui\u021bia, focusul \u0219i puterea interioar\u0103.<\/p>\n<\/li>\n<\/ul>\n<\/li>\n<\/ul>\n<p>&nbsp;<\/p>\n<ul>\n<li><strong><strong>BONUS 2 \u2013<strong> Workshop LIVE: Fear Reset &#8211; Dep\u0103\u0219irea fricilor si blocajelor interioare <\/strong><\/strong><\/strong><strong>(Zoom + \u00eenregistrare inclus\u0103)\u00a0 (valoare 399 RON) &#8211; 18 mai, ora 19:00<\/strong>\n<ul>\n<li>\n<p data-start=\"0\" data-end=\"180\">Descoperi cele mai frecvente frici care te \u021bin pe loc \u0219i \u00een\u021belegi cum \u00ee\u021bi influen\u021beaz\u0103 deciziile, energia \u0219i capacitatea de a ac\u021biona \u00een direc\u021bia lucrurilor importante pentru tine.<\/p>\n<\/li>\n<li>\n<p data-start=\"0\" data-end=\"180\">Experimentezi un protocol somatic de deblocare, prin care \u00eenve\u021bi s\u0103 calmezi corpul, s\u0103 ie\u0219i din panic\u0103 interioar\u0103 \u0219i s\u0103 revii la claritate atunci c\u00e2nd frica preia controlul.<\/p>\n<\/li>\n<li>\n<p data-start=\"0\" data-end=\"180\">Pleci cu pa\u0219i concre\u021bi pentru a dep\u0103\u0219i frica \u00een via\u021ba real\u0103, astfel \u00eenc\u00e2t s\u0103 nu mai a\u0219tep\u021bi momentul perfect \u0219i s\u0103 po\u021bi ac\u021biona cu mai mult curaj, \u00eencredere \u0219i prezen\u021b\u0103.<\/p>\n<\/li>\n<\/ul>\n<\/li>\n<li><strong>BONUS 3 &#8211; Detecteaz\u0103-\u021bi sabotorii \u00een ac\u021biune (valoare 49 RON) <\/strong><\/li>\n<\/ul>\n<p>O list\u0103 cu semnale clare prin care s\u0103 \u00ee\u021bi dai seama c\u00e2nd e\u0219ti condus de Sabotori si care e cel care a preluat controlul, ca s\u0103 nu mai r\u0103m\u00e2i blocat \u00een am\u00e2nare, autocritic\u0103 \u0219i stres \u0219i s\u0103 revii rapid la claritate \u0219i ac\u021biune.\u200b<\/p>\n","protected":false},"excerpt":{"rendered":"<p>Pachetul VIP contine: &nbsp; Acces pe via\u021b\u0103 la \u00eenregistrarea celor 10 zile Mental Fitness Lab &nbsp; BONUS 1 &#8211; Workshop LIVE: Brain &amp; Heart Coherence &#8211; Sincronizarea inim\u0103-creier (Zoom + \u00eenregistrare inclus\u0103) (valoare 299 RON) &#8211; 9 mai, ora 10:00 [&hellip;]<\/p>\n","protected":false},"featured_media":50605,"template":"","meta":[],"product_brand":[],"product_cat":[],"product_tag":[],"class_list":{"0":"post-50604","1":"product","2":"type-product","3":"status-publish","4":"has-post-thumbnail","7":"first","8":"instock","9":"shipping-taxable","10":"purchasable","11":"product-type-simple"},"yoast_head":"<!-- This site is optimized with the Yoast SEO plugin v27.5 - https:\/\/yoast.com\/product\/yoast-seo-wordpress\/ -->\n<title>Mental Fitness Lab - Pachet VIP &#187; Anca Bani\u0163\u0103<\/title>\n<meta name=\"robots\" content=\"index, follow, max-snippet:-1, max-image-preview:large, max-video-preview:-1\" \/>\n<link rel=\"canonical\" href=\"https:\/\/ancabanita.com\/en\/product\/mental-fitness-pachet-vip\/\" \/>\n<meta property=\"og:locale\" content=\"en_US\" \/>\n<meta property=\"og:type\" content=\"article\" \/>\n<meta property=\"og:title\" content=\"Mental Fitness Lab - Pachet VIP &#187; Anca Bani\u0163\u0103\" \/>\n<meta property=\"og:description\" content=\"Pachetul VIP contine: &nbsp; Acces pe via\u021b\u0103 la \u00eenregistrarea celor 10 zile Mental Fitness Lab &nbsp; BONUS 1 &#8211; Workshop LIVE: Brain &amp; Heart Coherence &#8211; Sincronizarea inim\u0103-creier (Zoom + \u00eenregistrare inclus\u0103) (valoare 299 RON) &#8211; 9 mai, ora 10:00 [&hellip;]\" \/>\n<meta property=\"og:url\" content=\"https:\/\/ancabanita.com\/en\/product\/mental-fitness-pachet-vip\/\" \/>\n<meta property=\"og:site_name\" content=\"Anca Bani\u0163\u0103\" \/>\n<meta property=\"article:publisher\" content=\"https:\/\/www.facebook.com\/anca.banita\" \/>\n<meta property=\"article:modified_time\" content=\"2026-05-05T05:09:42+00:00\" \/>\n<meta property=\"og:image\" content=\"https:\/\/ancabanita.com\/wp-content\/uploads\/2025\/08\/VIP.png\" \/>\n\t<meta property=\"og:image:width\" content=\"1080\" \/>\n\t<meta property=\"og:image:height\" content=\"1080\" \/>\n\t<meta property=\"og:image:type\" content=\"image\/png\" \/>\n<meta name=\"twitter:card\" content=\"summary_large_image\" \/>\n<meta name=\"twitter:site\" content=\"@phoebs\" \/>\n<meta name=\"twitter:label1\" content=\"Est. reading time\" \/>\n\t<meta name=\"twitter:data1\" content=\"2 minutes\" \/>\n<script type=\"application\/ld+json\" class=\"yoast-schema-graph\">{\"@context\":\"https:\\\/\\\/schema.org\",\"@graph\":[{\"@type\":\"WebPage\",\"@id\":\"https:\\\/\\\/ancabanita.com\\\/en\\\/product\\\/mental-fitness-pachet-vip\\\/\",\"url\":\"https:\\\/\\\/ancabanita.com\\\/en\\\/product\\\/mental-fitness-pachet-vip\\\/\",\"name\":\"Mental Fitness Lab - Pachet VIP &#187; Anca Bani\u0163\u0103\",\"isPartOf\":{\"@id\":\"https:\\\/\\\/ancabanita.com\\\/en\\\/#website\"},\"primaryImageOfPage\":{\"@id\":\"https:\\\/\\\/ancabanita.com\\\/en\\\/product\\\/mental-fitness-pachet-vip\\\/#primaryimage\"},\"image\":{\"@id\":\"https:\\\/\\\/ancabanita.com\\\/en\\\/product\\\/mental-fitness-pachet-vip\\\/#primaryimage\"},\"thumbnailUrl\":\"https:\\\/\\\/ancabanita.com\\\/wp-content\\\/uploads\\\/2025\\\/08\\\/VIP.png\",\"datePublished\":\"2025-08-20T08:12:35+00:00\",\"dateModified\":\"2026-05-05T05:09:42+00:00\",\"breadcrumb\":{\"@id\":\"https:\\\/\\\/ancabanita.com\\\/en\\\/product\\\/mental-fitness-pachet-vip\\\/#breadcrumb\"},\"inLanguage\":\"en-US\",\"potentialAction\":[{\"@type\":\"ReadAction\",\"target\":[\"https:\\\/\\\/ancabanita.com\\\/en\\\/product\\\/mental-fitness-pachet-vip\\\/\"]}]},{\"@type\":\"ImageObject\",\"inLanguage\":\"en-US\",\"@id\":\"https:\\\/\\\/ancabanita.com\\\/en\\\/product\\\/mental-fitness-pachet-vip\\\/#primaryimage\",\"url\":\"https:\\\/\\\/ancabanita.com\\\/wp-content\\\/uploads\\\/2025\\\/08\\\/VIP.png\",\"contentUrl\":\"https:\\\/\\\/ancabanita.com\\\/wp-content\\\/uploads\\\/2025\\\/08\\\/VIP.png\",\"width\":1080,\"height\":1080},{\"@type\":\"BreadcrumbList\",\"@id\":\"https:\\\/\\\/ancabanita.com\\\/en\\\/product\\\/mental-fitness-pachet-vip\\\/#breadcrumb\",\"itemListElement\":[{\"@type\":\"ListItem\",\"position\":1,\"name\":\"Home\",\"item\":\"https:\\\/\\\/ancabanita.com\\\/en\\\/\"},{\"@type\":\"ListItem\",\"position\":2,\"name\":\"Shop\",\"item\":\"https:\\\/\\\/ancabanita.com\\\/shop\\\/\"},{\"@type\":\"ListItem\",\"position\":3,\"name\":\"Mental Fitness Lab &#8211; Pachet VIP\"}]},{\"@type\":\"WebSite\",\"@id\":\"https:\\\/\\\/ancabanita.com\\\/en\\\/#website\",\"url\":\"https:\\\/\\\/ancabanita.com\\\/en\\\/\",\"name\":\"Anca Bani\u0163\u0103\",\"description\":\"Traveling inside and outside\",\"potentialAction\":[{\"@type\":\"SearchAction\",\"target\":{\"@type\":\"EntryPoint\",\"urlTemplate\":\"https:\\\/\\\/ancabanita.com\\\/en\\\/?s={search_term_string}\"},\"query-input\":{\"@type\":\"PropertyValueSpecification\",\"valueRequired\":true,\"valueName\":\"search_term_string\"}}],\"inLanguage\":\"en-US\"}]}<\/script>\n<!-- \/ Yoast SEO plugin. -->","yoast_head_json":{"title":"Mental Fitness Lab - Pachet VIP &#187; Anca Bani\u0163\u0103","robots":{"index":"index","follow":"follow","max-snippet":"max-snippet:-1","max-image-preview":"max-image-preview:large","max-video-preview":"max-video-preview:-1"},"canonical":"https:\/\/ancabanita.com\/en\/product\/mental-fitness-pachet-vip\/","og_locale":"en_US","og_type":"article","og_title":"Mental Fitness Lab - Pachet VIP &#187; Anca Bani\u0163\u0103","og_description":"Pachetul VIP contine: &nbsp; Acces pe via\u021b\u0103 la \u00eenregistrarea celor 10 zile Mental Fitness Lab &nbsp; BONUS 1 &#8211; Workshop LIVE: Brain &amp; Heart Coherence &#8211; Sincronizarea inim\u0103-creier (Zoom + \u00eenregistrare inclus\u0103) (valoare 299 RON) &#8211; 9 mai, ora 10:00 [&hellip;]","og_url":"https:\/\/ancabanita.com\/en\/product\/mental-fitness-pachet-vip\/","og_site_name":"Anca Bani\u0163\u0103","article_publisher":"https:\/\/www.facebook.com\/anca.banita","article_modified_time":"2026-05-05T05:09:42+00:00","og_image":[{"width":1080,"height":1080,"url":"https:\/\/ancabanita.com\/wp-content\/uploads\/2025\/08\/VIP.png","type":"image\/png"}],"twitter_card":"summary_large_image","twitter_site":"@phoebs","twitter_misc":{"Est. reading time":"2 minutes"},"schema":{"@context":"https:\/\/schema.org","@graph":[{"@type":"WebPage","@id":"https:\/\/ancabanita.com\/en\/product\/mental-fitness-pachet-vip\/","url":"https:\/\/ancabanita.com\/en\/product\/mental-fitness-pachet-vip\/","name":"Mental Fitness Lab - Pachet VIP &#187; Anca Bani\u0163\u0103","isPartOf":{"@id":"https:\/\/ancabanita.com\/en\/#website"},"primaryImageOfPage":{"@id":"https:\/\/ancabanita.com\/en\/product\/mental-fitness-pachet-vip\/#primaryimage"},"image":{"@id":"https:\/\/ancabanita.com\/en\/product\/mental-fitness-pachet-vip\/#primaryimage"},"thumbnailUrl":"https:\/\/ancabanita.com\/wp-content\/uploads\/2025\/08\/VIP.png","datePublished":"2025-08-20T08:12:35+00:00","dateModified":"2026-05-05T05:09:42+00:00","breadcrumb":{"@id":"https:\/\/ancabanita.com\/en\/product\/mental-fitness-pachet-vip\/#breadcrumb"},"inLanguage":"en-US","potentialAction":[{"@type":"ReadAction","target":["https:\/\/ancabanita.com\/en\/product\/mental-fitness-pachet-vip\/"]}]},{"@type":"ImageObject","inLanguage":"en-US","@id":"https:\/\/ancabanita.com\/en\/product\/mental-fitness-pachet-vip\/#primaryimage","url":"https:\/\/ancabanita.com\/wp-content\/uploads\/2025\/08\/VIP.png","contentUrl":"https:\/\/ancabanita.com\/wp-content\/uploads\/2025\/08\/VIP.png","width":1080,"height":1080},{"@type":"BreadcrumbList","@id":"https:\/\/ancabanita.com\/en\/product\/mental-fitness-pachet-vip\/#breadcrumb","itemListElement":[{"@type":"ListItem","position":1,"name":"Home","item":"https:\/\/ancabanita.com\/en\/"},{"@type":"ListItem","position":2,"name":"Shop","item":"https:\/\/ancabanita.com\/shop\/"},{"@type":"ListItem","position":3,"name":"Mental Fitness Lab &#8211; Pachet VIP"}]},{"@type":"WebSite","@id":"https:\/\/ancabanita.com\/en\/#website","url":"https:\/\/ancabanita.com\/en\/","name":"Anca Bani\u0163\u0103","description":"Traveling inside and outside","potentialAction":[{"@type":"SearchAction","target":{"@type":"EntryPoint","urlTemplate":"https:\/\/ancabanita.com\/en\/?s={search_term_string}"},"query-input":{"@type":"PropertyValueSpecification","valueRequired":true,"valueName":"search_term_string"}}],"inLanguage":"en-US"}]}},"_links":{"self":[{"href":"https:\/\/ancabanita.com\/en\/wp-json\/wp\/v2\/product\/50604","targetHints":{"allow":["GET"]}}],"collection":[{"href":"https:\/\/ancabanita.com\/en\/wp-json\/wp\/v2\/product"}],"about":[{"href":"https:\/\/ancabanita.com\/en\/wp-json\/wp\/v2\/types\/product"}],"wp:featuredmedia":[{"embeddable":true,"href":"https:\/\/ancabanita.com\/en\/wp-json\/wp\/v2\/media\/50605"}],"wp:attachment":[{"href":"https:\/\/ancabanita.com\/en\/wp-json\/wp\/v2\/media?parent=50604"}],"wp:term":[{"taxonomy":"product_brand","embeddable":true,"href":"https:\/\/ancabanita.com\/en\/wp-json\/wp\/v2\/product_brand?post=50604"},{"taxonomy":"product_cat","embeddable":true,"href":"https:\/\/ancabanita.com\/en\/wp-json\/wp\/v2\/product_cat?post=50604"},{"taxonomy":"product_tag","embeddable":true,"href":"https:\/\/ancabanita.com\/en\/wp-json\/wp\/v2\/product_tag?post=50604"}],"curies":[{"name":"wp","href":"https:\/\/api.w.org\/{rel}","templated":true}]}}